{"id":4130,"date":"2021-07-06T14:56:44","date_gmt":"2021-07-06T12:56:44","guid":{"rendered":"https:\/\/melilaxitsupposte.multisite.aboca.com\/?page_id=4130"},"modified":"2021-07-19T11:25:01","modified_gmt":"2021-07-19T09:25:01","slug":"le-supposte-dolci-con-chi-e-in-attesa","status":"publish","type":"page","link":"https:\/\/www.melilax.it\/supposte\/melilax-ragadi-emorroidi-intestino-irritabile\/le-supposte-dolci-con-chi-e-in-attesa\/","title":{"rendered":"Supposte \u201cdolci\u201d con chi \u00e8 in \u201cattesa\u201d"},"content":{"rendered":"\n<p>Grazie alla sua azione evacuante e all\u2019azione protettiva,&nbsp;<strong>MeliLax&nbsp;\u00e8 adatto anche all\u2019uso in gravidanza e durante l\u2019allattamento<\/strong>.<\/p>\n\n\n\n<p>La stipsi in gravidanza \u00e8 una condizione abbastanza frequente. In questi casi la prima cosa da fare \u00e8 quella di aiutare l\u2019intestino a ritrovare il suo equilibrio, adottando accorgimenti alimentari e comportamenti che ne favoriscono la funzionalit\u00e0. In particolare, \u00e8 necessario bere quotidianamente una maggiore quantit\u00e0 di acqua per soddisfare l\u2019aumentato bisogno. In caso di necessit\u00e0, e sentito il parere del medico, pu\u00f2 essere utile ricorrere all\u2019uso delle supposte MeliLax con la loro azione evacuante.<\/p>\n","protected":false},"excerpt":{"rendered":"<p>Grazie alla sua azione evacuante e all\u2019azione protettiva,&nbsp;MeliLax&nbsp;\u00e8 adatto anche all\u2019uso in gravidanza e durante l\u2019allattamento. La stipsi in gravidanza \u00e8 una condizione abbastanza frequente. In questi casi la prima cosa da fare \u00e8 quella di aiutare l\u2019intestino a ritrovare il suo equilibrio, adottando accorgimenti alimentari e comportamenti che ne favoriscono la funzionalit\u00e0. In particolare,&#8230;  <a href=\"https:\/\/www.melilax.it\/supposte\/melilax-ragadi-emorroidi-intestino-irritabile\/le-supposte-dolci-con-chi-e-in-attesa\/\" class=\"more-link\" title=\"Read Supposte \u201cdolci\u201d con chi \u00e8 in \u201cattesa\u201d\">Leggi tutto &raquo;<\/a><\/p>\n","protected":false},"author":2,"featured_media":0,"parent":3919,"menu_order":0,"comment_status":"closed","ping_status":"closed","template":"","meta":{"footnotes":""},"class_list":["post-4130","page","type-page","status-publish","hentry"],"yoast_head":"<!-- This site is optimized with the Yoast SEO plugin v27.4 - https:\/\/yoast.com\/product\/yoast-seo-wordpress\/ -->\n<title>Per la stitichezza in Gravidanza o Allattamento: Melilax | ABOCA<\/title>\n<meta name=\"description\" content=\"Anche in gravidanza e durante l&#039;allattamento, Melilax \u00e8 un vallido rimedio contro la stitichezza, grazie alla sua combinata azione evacuante, protettiva e lenitiva.\" \/>\n<meta name=\"robots\" content=\"index, follow, max-snippet:-1, max-image-preview:large, max-video-preview:-1\" \/>\n<link rel=\"canonical\" href=\"https:\/\/www.melilax.it\/supposte\/melilax-ragadi-emorroidi-intestino-irritabile\/le-supposte-dolci-con-chi-e-in-attesa\/\" \/>\n<meta property=\"og:locale\" content=\"it_IT\" \/>\n<meta property=\"og:type\" content=\"article\" \/>\n<meta property=\"og:title\" content=\"Per la stitichezza in Gravidanza o Allattamento: Melilax | ABOCA\" \/>\n<meta property=\"og:description\" content=\"Anche in gravidanza e durante l&#039;allattamento, Melilax \u00e8 un vallido rimedio contro la stitichezza, grazie alla sua combinata azione evacuante, protettiva e lenitiva.\" \/>\n<meta property=\"og:url\" content=\"https:\/\/www.melilax.it\/supposte\/melilax-ragadi-emorroidi-intestino-irritabile\/le-supposte-dolci-con-chi-e-in-attesa\/\" \/>\n<meta property=\"og:site_name\" content=\"Melilax Supposte\" \/>\n<meta property=\"article:modified_time\" content=\"2021-07-19T09:25:01+00:00\" \/>\n<meta name=\"twitter:card\" content=\"summary_large_image\" \/>\n<meta name=\"twitter:label1\" content=\"Tempo di lettura stimato\" \/>\n\t<meta name=\"twitter:data1\" content=\"1 minuto\" \/>\n<script type=\"application\/ld+json\" class=\"yoast-schema-graph\">{\"@context\":\"https:\\\/\\\/schema.org\",\"@graph\":[{\"@type\":\"WebPage\",\"@id\":\"https:\\\/\\\/www.melilax.it\\\/supposte\\\/melilax-ragadi-emorroidi-intestino-irritabile\\\/le-supposte-dolci-con-chi-e-in-attesa\\\/\",\"url\":\"https:\\\/\\\/www.melilax.it\\\/supposte\\\/melilax-ragadi-emorroidi-intestino-irritabile\\\/le-supposte-dolci-con-chi-e-in-attesa\\\/\",\"name\":\"Per la stitichezza in Gravidanza o Allattamento: Melilax | ABOCA\",\"isPartOf\":{\"@id\":\"https:\\\/\\\/www.melilax.it\\\/supposte\\\/#website\"},\"datePublished\":\"2021-07-06T12:56:44+00:00\",\"dateModified\":\"2021-07-19T09:25:01+00:00\",\"description\":\"Anche in gravidanza e durante l'allattamento, Melilax \u00e8 un vallido rimedio contro la stitichezza, grazie alla sua combinata azione evacuante, protettiva e lenitiva.\",\"breadcrumb\":{\"@id\":\"https:\\\/\\\/www.melilax.it\\\/supposte\\\/melilax-ragadi-emorroidi-intestino-irritabile\\\/le-supposte-dolci-con-chi-e-in-attesa\\\/#breadcrumb\"},\"inLanguage\":\"it-IT\",\"potentialAction\":[{\"@type\":\"ReadAction\",\"target\":[\"https:\\\/\\\/www.melilax.it\\\/supposte\\\/melilax-ragadi-emorroidi-intestino-irritabile\\\/le-supposte-dolci-con-chi-e-in-attesa\\\/\"]}]},{\"@type\":\"BreadcrumbList\",\"@id\":\"https:\\\/\\\/www.melilax.it\\\/supposte\\\/melilax-ragadi-emorroidi-intestino-irritabile\\\/le-supposte-dolci-con-chi-e-in-attesa\\\/#breadcrumb\",\"itemListElement\":[{\"@type\":\"ListItem\",\"position\":1,\"name\":\"Home\",\"item\":\"https:\\\/\\\/www.melilax.it\\\/supposte\\\/\"},{\"@type\":\"ListItem\",\"position\":2,\"name\":\"Una supposta per i casi \u201cdelicati\u201d\",\"item\":\"https:\\\/\\\/www.melilax.it\\\/supposte\\\/melilax-ragadi-emorroidi-intestino-irritabile\\\/\"},{\"@type\":\"ListItem\",\"position\":3,\"name\":\"Supposte \u201cdolci\u201d con chi \u00e8 in \u201cattesa\u201d\"}]},{\"@type\":\"WebSite\",\"@id\":\"https:\\\/\\\/www.melilax.it\\\/supposte\\\/#website\",\"url\":\"https:\\\/\\\/www.melilax.it\\\/supposte\\\/\",\"name\":\"Melilax Supposte\",\"description\":\"Libera l&#039;intestino proteggendo la mucosa rettale\",\"potentialAction\":[{\"@type\":\"SearchAction\",\"target\":{\"@type\":\"EntryPoint\",\"urlTemplate\":\"https:\\\/\\\/www.melilax.it\\\/supposte\\\/?s={search_term_string}\"},\"query-input\":{\"@type\":\"PropertyValueSpecification\",\"valueRequired\":true,\"valueName\":\"search_term_string\"}}],\"inLanguage\":\"it-IT\"}]}<\/script>\n<!-- \/ Yoast SEO plugin. -->","yoast_head_json":{"title":"Per la stitichezza in Gravidanza o Allattamento: Melilax | ABOCA","description":"Anche in gravidanza e durante l'allattamento, Melilax \u00e8 un vallido rimedio contro la stitichezza, grazie alla sua combinata azione evacuante, protettiva e lenitiva.","robots":{"index":"index","follow":"follow","max-snippet":"max-snippet:-1","max-image-preview":"max-image-preview:large","max-video-preview":"max-video-preview:-1"},"canonical":"https:\/\/www.melilax.it\/supposte\/melilax-ragadi-emorroidi-intestino-irritabile\/le-supposte-dolci-con-chi-e-in-attesa\/","og_locale":"it_IT","og_type":"article","og_title":"Per la stitichezza in Gravidanza o Allattamento: Melilax | ABOCA","og_description":"Anche in gravidanza e durante l'allattamento, Melilax \u00e8 un vallido rimedio contro la stitichezza, grazie alla sua combinata azione evacuante, protettiva e lenitiva.","og_url":"https:\/\/www.melilax.it\/supposte\/melilax-ragadi-emorroidi-intestino-irritabile\/le-supposte-dolci-con-chi-e-in-attesa\/","og_site_name":"Melilax Supposte","article_modified_time":"2021-07-19T09:25:01+00:00","twitter_card":"summary_large_image","twitter_misc":{"Tempo di lettura stimato":"1 minuto"},"schema":{"@context":"https:\/\/schema.org","@graph":[{"@type":"WebPage","@id":"https:\/\/www.melilax.it\/supposte\/melilax-ragadi-emorroidi-intestino-irritabile\/le-supposte-dolci-con-chi-e-in-attesa\/","url":"https:\/\/www.melilax.it\/supposte\/melilax-ragadi-emorroidi-intestino-irritabile\/le-supposte-dolci-con-chi-e-in-attesa\/","name":"Per la stitichezza in Gravidanza o Allattamento: Melilax | ABOCA","isPartOf":{"@id":"https:\/\/www.melilax.it\/supposte\/#website"},"datePublished":"2021-07-06T12:56:44+00:00","dateModified":"2021-07-19T09:25:01+00:00","description":"Anche in gravidanza e durante l'allattamento, Melilax \u00e8 un vallido rimedio contro la stitichezza, grazie alla sua combinata azione evacuante, protettiva e lenitiva.","breadcrumb":{"@id":"https:\/\/www.melilax.it\/supposte\/melilax-ragadi-emorroidi-intestino-irritabile\/le-supposte-dolci-con-chi-e-in-attesa\/#breadcrumb"},"inLanguage":"it-IT","potentialAction":[{"@type":"ReadAction","target":["https:\/\/www.melilax.it\/supposte\/melilax-ragadi-emorroidi-intestino-irritabile\/le-supposte-dolci-con-chi-e-in-attesa\/"]}]},{"@type":"BreadcrumbList","@id":"https:\/\/www.melilax.it\/supposte\/melilax-ragadi-emorroidi-intestino-irritabile\/le-supposte-dolci-con-chi-e-in-attesa\/#breadcrumb","itemListElement":[{"@type":"ListItem","position":1,"name":"Home","item":"https:\/\/www.melilax.it\/supposte\/"},{"@type":"ListItem","position":2,"name":"Una supposta per i casi \u201cdelicati\u201d","item":"https:\/\/www.melilax.it\/supposte\/melilax-ragadi-emorroidi-intestino-irritabile\/"},{"@type":"ListItem","position":3,"name":"Supposte \u201cdolci\u201d con chi \u00e8 in \u201cattesa\u201d"}]},{"@type":"WebSite","@id":"https:\/\/www.melilax.it\/supposte\/#website","url":"https:\/\/www.melilax.it\/supposte\/","name":"Melilax Supposte","description":"Libera l&#039;intestino proteggendo la mucosa rettale","potentialAction":[{"@type":"SearchAction","target":{"@type":"EntryPoint","urlTemplate":"https:\/\/www.melilax.it\/supposte\/?s={search_term_string}"},"query-input":{"@type":"PropertyValueSpecification","valueRequired":true,"valueName":"search_term_string"}}],"inLanguage":"it-IT"}]}},"_links":{"self":[{"href":"https:\/\/www.melilax.it\/supposte\/wp-json\/wp\/v2\/pages\/4130","targetHints":{"allow":["GET"]}}],"collection":[{"href":"https:\/\/www.melilax.it\/supposte\/wp-json\/wp\/v2\/pages"}],"about":[{"href":"https:\/\/www.melilax.it\/supposte\/wp-json\/wp\/v2\/types\/page"}],"author":[{"embeddable":true,"href":"https:\/\/www.melilax.it\/supposte\/wp-json\/wp\/v2\/users\/2"}],"replies":[{"embeddable":true,"href":"https:\/\/www.melilax.it\/supposte\/wp-json\/wp\/v2\/comments?post=4130"}],"version-history":[{"count":5,"href":"https:\/\/www.melilax.it\/supposte\/wp-json\/wp\/v2\/pages\/4130\/revisions"}],"predecessor-version":[{"id":4369,"href":"https:\/\/www.melilax.it\/supposte\/wp-json\/wp\/v2\/pages\/4130\/revisions\/4369"}],"up":[{"embeddable":true,"href":"https:\/\/www.melilax.it\/supposte\/wp-json\/wp\/v2\/pages\/3919"}],"wp:attachment":[{"href":"https:\/\/www.melilax.it\/supposte\/wp-json\/wp\/v2\/media?parent=4130"}],"curies":[{"name":"wp","href":"https:\/\/api.w.org\/{rel}","templated":true}]}}