{"id":4182,"date":"2021-07-12T17:54:47","date_gmt":"2021-07-12T15:54:47","guid":{"rendered":"https:\/\/melilaxitsupposte.multisite.aboca.com\/?page_id=4182"},"modified":"2023-04-27T17:05:07","modified_gmt":"2023-04-27T15:05:07","slug":"consigli-utili-stitichezza","status":"publish","type":"page","link":"https:\/\/www.melilax.it\/supposte\/la-stitichezza\/consigli-utili-stitichezza\/","title":{"rendered":"Parola d\u2019ordine: regolarit\u00e0"},"content":{"rendered":"\n<p>Per prevenire la stitichezza \u00e8 utile seguire qualche sana abitudine incentrata sulla regolarit\u00e0 quotidiana.<\/p>\n\n\n\n<p><strong>Regolarit\u00e0 delle abitudini:<\/strong>&nbsp;\u00e8 importante dedicare un po\u2019 di tempo all\u2019intestino ogni giorno. Quando andiamo in bagno, se possibile, non dovremmo avere fretta.<\/p>\n\n\n\n<p><strong>Regolarit\u00e0 dei pasti:<\/strong>&nbsp;\u00e8 importante consumare i pasti in modo regolare. Saltare i pasti, soprattutto la prima colazione, pu\u00f2 provocare un comportamento intestinale lento o irregolare.<\/p>\n\n\n\n<p><strong>Consumo regolare di fibre:<\/strong>&nbsp;in molti casi la stipsi pu\u00f2 essere corretta con una dieta ricca di acqua e fibre. Queste infatti legano in varia misura l\u2019acqua e contribuiscono ad aumentare il volume delle feci. \u00c8 quindi opportuno consumare pi\u00f9 frutta e verdura, che apportano soprattutto fibre solubili e preferire i cereali integrali a quelli raffinati.<\/p>\n\n\n\n<p><strong>Regolarit\u00e0 nella pratica di attivit\u00e0 fisica:<\/strong>&nbsp;\u00e8 importante trovare il modo di svolgere costantemente un po\u2019 di movimento.<\/p>\n\n\n\n<p><strong>Regolarit\u00e0 e moderazione:<\/strong>&nbsp;occorre evitare di consumare quantit\u00e0 eccessive di caff\u00e8 o alcol, che favoriscono la disidratazione dell\u2019organismo.<\/p>\n\n\n\n<div style=\"height:30px\" aria-hidden=\"true\" class=\"wp-block-spacer\"><\/div>\n\n\n\n<div class=\"wp-block-columns is-layout-flex wp-container-core-columns-is-layout-9d6595d7 wp-block-columns-is-layout-flex\">\n<div class=\"wp-block-column is-layout-flow wp-block-column-is-layout-flow\">\n<figure class=\"wp-block-image size-full\"><img loading=\"lazy\" decoding=\"async\" width=\"440\" height=\"410\" src=\"https:\/\/www.melilax.it\/supposte\/wp-content\/uploads\/sites\/148\/2021\/07\/regolarita-intestinale.jpg\" alt=\"\" class=\"wp-image-4186\" srcset=\"https:\/\/www.melilax.it\/supposte\/wp-content\/uploads\/sites\/148\/2021\/07\/regolarita-intestinale.jpg 440w, https:\/\/www.melilax.it\/supposte\/wp-content\/uploads\/sites\/148\/2021\/07\/regolarita-intestinale-300x280.jpg 300w\" sizes=\"auto, (max-width: 440px) 100vw, 440px\" \/><\/figure>\n<\/div>\n\n\n\n<div class=\"wp-block-column is-layout-flow wp-block-column-is-layout-flow\">\n<figure class=\"wp-block-image size-full\"><img loading=\"lazy\" decoding=\"async\" width=\"440\" height=\"410\" src=\"https:\/\/www.melilax.it\/supposte\/wp-content\/uploads\/sites\/148\/2021\/07\/la-regolarita-intestinale.jpg\" alt=\"\" class=\"wp-image-4184\" srcset=\"https:\/\/www.melilax.it\/supposte\/wp-content\/uploads\/sites\/148\/2021\/07\/la-regolarita-intestinale.jpg 440w, https:\/\/www.melilax.it\/supposte\/wp-content\/uploads\/sites\/148\/2021\/07\/la-regolarita-intestinale-300x280.jpg 300w\" sizes=\"auto, (max-width: 440px) 100vw, 440px\" \/><\/figure>\n<\/div>\n\n\n\n<div class=\"wp-block-column is-layout-flow wp-block-column-is-layout-flow\">\n<figure class=\"wp-block-image size-full\"><img loading=\"lazy\" decoding=\"async\" width=\"440\" height=\"410\" src=\"https:\/\/www.melilax.it\/supposte\/wp-content\/uploads\/sites\/148\/2021\/07\/regolarita-dell-intestino.jpg\" alt=\"\" class=\"wp-image-4185\" srcset=\"https:\/\/www.melilax.it\/supposte\/wp-content\/uploads\/sites\/148\/2021\/07\/regolarita-dell-intestino.jpg 440w, https:\/\/www.melilax.it\/supposte\/wp-content\/uploads\/sites\/148\/2021\/07\/regolarita-dell-intestino-300x280.jpg 300w\" sizes=\"auto, (max-width: 440px) 100vw, 440px\" \/><\/figure>\n<\/div>\n\n\n\n<div class=\"wp-block-column is-layout-flow wp-block-column-is-layout-flow\">\n<figure class=\"wp-block-image size-full\"><img loading=\"lazy\" decoding=\"async\" width=\"440\" height=\"410\" src=\"https:\/\/www.melilax.it\/supposte\/wp-content\/uploads\/sites\/148\/2021\/07\/intestino-regolare.jpg\" alt=\"\" class=\"wp-image-4183\" srcset=\"https:\/\/www.melilax.it\/supposte\/wp-content\/uploads\/sites\/148\/2021\/07\/intestino-regolare.jpg 440w, https:\/\/www.melilax.it\/supposte\/wp-content\/uploads\/sites\/148\/2021\/07\/intestino-regolare-300x280.jpg 300w\" sizes=\"auto, (max-width: 440px) 100vw, 440px\" \/><\/figure>\n<\/div>\n<\/div>\n","protected":false},"excerpt":{"rendered":"<p>Per prevenire la stitichezza \u00e8 utile seguire qualche sana abitudine incentrata sulla regolarit\u00e0 quotidiana. Regolarit\u00e0 delle abitudini:&nbsp;\u00e8 importante dedicare un po\u2019 di tempo all\u2019intestino ogni giorno. Quando andiamo in bagno, se possibile, non dovremmo avere fretta. Regolarit\u00e0 dei pasti:&nbsp;\u00e8 importante consumare i pasti in modo regolare. Saltare i pasti, soprattutto la prima colazione, pu\u00f2 provocare&#8230;  <a href=\"https:\/\/www.melilax.it\/supposte\/la-stitichezza\/consigli-utili-stitichezza\/\" class=\"more-link\" title=\"Read Parola d\u2019ordine: regolarit\u00e0\">Leggi tutto &raquo;<\/a><\/p>\n","protected":false},"author":2,"featured_media":0,"parent":3904,"menu_order":0,"comment_status":"closed","ping_status":"closed","template":"","meta":{"footnotes":""},"class_list":["post-4182","page","type-page","status-publish","hentry"],"yoast_head":"<!-- This site is optimized with the Yoast SEO plugin v27.4 - https:\/\/yoast.com\/product\/yoast-seo-wordpress\/ -->\n<title>5 Consigli utili per combattere la stitichezza | Melilax - ABOCA<\/title>\n<meta name=\"description\" content=\"La regolarit\u00e0 \u00e8 la parola d&#039;ordine per combattere la stitichezza: pasti, abitudini, consumo di fibre, attivit\u00e0 fisica ed infine nella moderazione di alcool e caff\u00e9.\" \/>\n<meta name=\"robots\" content=\"index, follow, max-snippet:-1, max-image-preview:large, max-video-preview:-1\" \/>\n<link rel=\"canonical\" href=\"https:\/\/www.melilax.it\/supposte\/la-stitichezza\/consigli-utili-stitichezza\/\" \/>\n<meta property=\"og:locale\" content=\"it_IT\" \/>\n<meta property=\"og:type\" content=\"article\" \/>\n<meta property=\"og:title\" content=\"5 Consigli utili per combattere la stitichezza | Melilax - ABOCA\" \/>\n<meta property=\"og:description\" content=\"La regolarit\u00e0 \u00e8 la parola d&#039;ordine per combattere la stitichezza: pasti, abitudini, consumo di fibre, attivit\u00e0 fisica ed infine nella moderazione di alcool e caff\u00e9.\" \/>\n<meta property=\"og:url\" content=\"https:\/\/www.melilax.it\/supposte\/la-stitichezza\/consigli-utili-stitichezza\/\" \/>\n<meta property=\"og:site_name\" content=\"Melilax Supposte\" \/>\n<meta property=\"article:modified_time\" content=\"2023-04-27T15:05:07+00:00\" \/>\n<meta property=\"og:image\" content=\"https:\/\/www.melilax.it\/supposte\/wp-content\/uploads\/sites\/148\/2021\/07\/regolarita-intestinale.jpg\" \/>\n<meta name=\"twitter:card\" content=\"summary_large_image\" \/>\n<meta name=\"twitter:label1\" content=\"Tempo di lettura stimato\" \/>\n\t<meta name=\"twitter:data1\" content=\"2 minuti\" \/>\n<script type=\"application\/ld+json\" class=\"yoast-schema-graph\">{\"@context\":\"https:\\\/\\\/schema.org\",\"@graph\":[{\"@type\":\"WebPage\",\"@id\":\"https:\\\/\\\/www.melilax.it\\\/supposte\\\/la-stitichezza\\\/consigli-utili-stitichezza\\\/\",\"url\":\"https:\\\/\\\/www.melilax.it\\\/supposte\\\/la-stitichezza\\\/consigli-utili-stitichezza\\\/\",\"name\":\"5 Consigli utili per combattere la stitichezza | Melilax - ABOCA\",\"isPartOf\":{\"@id\":\"https:\\\/\\\/www.melilax.it\\\/supposte\\\/#website\"},\"primaryImageOfPage\":{\"@id\":\"https:\\\/\\\/www.melilax.it\\\/supposte\\\/la-stitichezza\\\/consigli-utili-stitichezza\\\/#primaryimage\"},\"image\":{\"@id\":\"https:\\\/\\\/www.melilax.it\\\/supposte\\\/la-stitichezza\\\/consigli-utili-stitichezza\\\/#primaryimage\"},\"thumbnailUrl\":\"https:\\\/\\\/www.melilax.it\\\/supposte\\\/wp-content\\\/uploads\\\/sites\\\/148\\\/2021\\\/07\\\/regolarita-intestinale.jpg\",\"datePublished\":\"2021-07-12T15:54:47+00:00\",\"dateModified\":\"2023-04-27T15:05:07+00:00\",\"description\":\"La regolarit\u00e0 \u00e8 la parola d'ordine per combattere la stitichezza: pasti, abitudini, consumo di fibre, attivit\u00e0 fisica ed infine nella moderazione di alcool e caff\u00e9.\",\"breadcrumb\":{\"@id\":\"https:\\\/\\\/www.melilax.it\\\/supposte\\\/la-stitichezza\\\/consigli-utili-stitichezza\\\/#breadcrumb\"},\"inLanguage\":\"it-IT\",\"potentialAction\":[{\"@type\":\"ReadAction\",\"target\":[\"https:\\\/\\\/www.melilax.it\\\/supposte\\\/la-stitichezza\\\/consigli-utili-stitichezza\\\/\"]}]},{\"@type\":\"ImageObject\",\"inLanguage\":\"it-IT\",\"@id\":\"https:\\\/\\\/www.melilax.it\\\/supposte\\\/la-stitichezza\\\/consigli-utili-stitichezza\\\/#primaryimage\",\"url\":\"https:\\\/\\\/www.melilax.it\\\/supposte\\\/wp-content\\\/uploads\\\/sites\\\/148\\\/2021\\\/07\\\/regolarita-intestinale.jpg\",\"contentUrl\":\"https:\\\/\\\/www.melilax.it\\\/supposte\\\/wp-content\\\/uploads\\\/sites\\\/148\\\/2021\\\/07\\\/regolarita-intestinale.jpg\",\"width\":440,\"height\":410},{\"@type\":\"BreadcrumbList\",\"@id\":\"https:\\\/\\\/www.melilax.it\\\/supposte\\\/la-stitichezza\\\/consigli-utili-stitichezza\\\/#breadcrumb\",\"itemListElement\":[{\"@type\":\"ListItem\",\"position\":1,\"name\":\"Home\",\"item\":\"https:\\\/\\\/www.melilax.it\\\/supposte\\\/\"},{\"@type\":\"ListItem\",\"position\":2,\"name\":\"Quando liberare l\u2019intestino diventa un problema\",\"item\":\"https:\\\/\\\/www.melilax.it\\\/supposte\\\/la-stitichezza\\\/\"},{\"@type\":\"ListItem\",\"position\":3,\"name\":\"Parola d\u2019ordine: regolarit\u00e0\"}]},{\"@type\":\"WebSite\",\"@id\":\"https:\\\/\\\/www.melilax.it\\\/supposte\\\/#website\",\"url\":\"https:\\\/\\\/www.melilax.it\\\/supposte\\\/\",\"name\":\"Melilax Supposte\",\"description\":\"Libera l&#039;intestino proteggendo la mucosa rettale\",\"potentialAction\":[{\"@type\":\"SearchAction\",\"target\":{\"@type\":\"EntryPoint\",\"urlTemplate\":\"https:\\\/\\\/www.melilax.it\\\/supposte\\\/?s={search_term_string}\"},\"query-input\":{\"@type\":\"PropertyValueSpecification\",\"valueRequired\":true,\"valueName\":\"search_term_string\"}}],\"inLanguage\":\"it-IT\"}]}<\/script>\n<!-- \/ Yoast SEO plugin. -->","yoast_head_json":{"title":"5 Consigli utili per combattere la stitichezza | Melilax - ABOCA","description":"La regolarit\u00e0 \u00e8 la parola d'ordine per combattere la stitichezza: pasti, abitudini, consumo di fibre, attivit\u00e0 fisica ed infine nella moderazione di alcool e caff\u00e9.","robots":{"index":"index","follow":"follow","max-snippet":"max-snippet:-1","max-image-preview":"max-image-preview:large","max-video-preview":"max-video-preview:-1"},"canonical":"https:\/\/www.melilax.it\/supposte\/la-stitichezza\/consigli-utili-stitichezza\/","og_locale":"it_IT","og_type":"article","og_title":"5 Consigli utili per combattere la stitichezza | Melilax - ABOCA","og_description":"La regolarit\u00e0 \u00e8 la parola d'ordine per combattere la stitichezza: pasti, abitudini, consumo di fibre, attivit\u00e0 fisica ed infine nella moderazione di alcool e caff\u00e9.","og_url":"https:\/\/www.melilax.it\/supposte\/la-stitichezza\/consigli-utili-stitichezza\/","og_site_name":"Melilax Supposte","article_modified_time":"2023-04-27T15:05:07+00:00","og_image":[{"url":"https:\/\/www.melilax.it\/supposte\/wp-content\/uploads\/sites\/148\/2021\/07\/regolarita-intestinale.jpg","type":"","width":"","height":""}],"twitter_card":"summary_large_image","twitter_misc":{"Tempo di lettura stimato":"2 minuti"},"schema":{"@context":"https:\/\/schema.org","@graph":[{"@type":"WebPage","@id":"https:\/\/www.melilax.it\/supposte\/la-stitichezza\/consigli-utili-stitichezza\/","url":"https:\/\/www.melilax.it\/supposte\/la-stitichezza\/consigli-utili-stitichezza\/","name":"5 Consigli utili per combattere la stitichezza | Melilax - ABOCA","isPartOf":{"@id":"https:\/\/www.melilax.it\/supposte\/#website"},"primaryImageOfPage":{"@id":"https:\/\/www.melilax.it\/supposte\/la-stitichezza\/consigli-utili-stitichezza\/#primaryimage"},"image":{"@id":"https:\/\/www.melilax.it\/supposte\/la-stitichezza\/consigli-utili-stitichezza\/#primaryimage"},"thumbnailUrl":"https:\/\/www.melilax.it\/supposte\/wp-content\/uploads\/sites\/148\/2021\/07\/regolarita-intestinale.jpg","datePublished":"2021-07-12T15:54:47+00:00","dateModified":"2023-04-27T15:05:07+00:00","description":"La regolarit\u00e0 \u00e8 la parola d'ordine per combattere la stitichezza: pasti, abitudini, consumo di fibre, attivit\u00e0 fisica ed infine nella moderazione di alcool e caff\u00e9.","breadcrumb":{"@id":"https:\/\/www.melilax.it\/supposte\/la-stitichezza\/consigli-utili-stitichezza\/#breadcrumb"},"inLanguage":"it-IT","potentialAction":[{"@type":"ReadAction","target":["https:\/\/www.melilax.it\/supposte\/la-stitichezza\/consigli-utili-stitichezza\/"]}]},{"@type":"ImageObject","inLanguage":"it-IT","@id":"https:\/\/www.melilax.it\/supposte\/la-stitichezza\/consigli-utili-stitichezza\/#primaryimage","url":"https:\/\/www.melilax.it\/supposte\/wp-content\/uploads\/sites\/148\/2021\/07\/regolarita-intestinale.jpg","contentUrl":"https:\/\/www.melilax.it\/supposte\/wp-content\/uploads\/sites\/148\/2021\/07\/regolarita-intestinale.jpg","width":440,"height":410},{"@type":"BreadcrumbList","@id":"https:\/\/www.melilax.it\/supposte\/la-stitichezza\/consigli-utili-stitichezza\/#breadcrumb","itemListElement":[{"@type":"ListItem","position":1,"name":"Home","item":"https:\/\/www.melilax.it\/supposte\/"},{"@type":"ListItem","position":2,"name":"Quando liberare l\u2019intestino diventa un problema","item":"https:\/\/www.melilax.it\/supposte\/la-stitichezza\/"},{"@type":"ListItem","position":3,"name":"Parola d\u2019ordine: regolarit\u00e0"}]},{"@type":"WebSite","@id":"https:\/\/www.melilax.it\/supposte\/#website","url":"https:\/\/www.melilax.it\/supposte\/","name":"Melilax Supposte","description":"Libera l&#039;intestino proteggendo la mucosa rettale","potentialAction":[{"@type":"SearchAction","target":{"@type":"EntryPoint","urlTemplate":"https:\/\/www.melilax.it\/supposte\/?s={search_term_string}"},"query-input":{"@type":"PropertyValueSpecification","valueRequired":true,"valueName":"search_term_string"}}],"inLanguage":"it-IT"}]}},"_links":{"self":[{"href":"https:\/\/www.melilax.it\/supposte\/wp-json\/wp\/v2\/pages\/4182","targetHints":{"allow":["GET"]}}],"collection":[{"href":"https:\/\/www.melilax.it\/supposte\/wp-json\/wp\/v2\/pages"}],"about":[{"href":"https:\/\/www.melilax.it\/supposte\/wp-json\/wp\/v2\/types\/page"}],"author":[{"embeddable":true,"href":"https:\/\/www.melilax.it\/supposte\/wp-json\/wp\/v2\/users\/2"}],"replies":[{"embeddable":true,"href":"https:\/\/www.melilax.it\/supposte\/wp-json\/wp\/v2\/comments?post=4182"}],"version-history":[{"count":3,"href":"https:\/\/www.melilax.it\/supposte\/wp-json\/wp\/v2\/pages\/4182\/revisions"}],"predecessor-version":[{"id":4416,"href":"https:\/\/www.melilax.it\/supposte\/wp-json\/wp\/v2\/pages\/4182\/revisions\/4416"}],"up":[{"embeddable":true,"href":"https:\/\/www.melilax.it\/supposte\/wp-json\/wp\/v2\/pages\/3904"}],"wp:attachment":[{"href":"https:\/\/www.melilax.it\/supposte\/wp-json\/wp\/v2\/media?parent=4182"}],"curies":[{"name":"wp","href":"https:\/\/api.w.org\/{rel}","templated":true}]}}