{"id":4196,"date":"2021-07-13T09:57:53","date_gmt":"2021-07-13T07:57:53","guid":{"rendered":"https:\/\/melilaxitsupposte.multisite.aboca.com\/?page_id=4196"},"modified":"2025-02-14T10:51:41","modified_gmt":"2025-02-14T09:51:41","slug":"scheda-prodotto","status":"publish","type":"page","link":"https:\/\/www.melilax.it\/supposte\/le-supposte\/scheda-prodotto\/","title":{"rendered":"Scheda prodotto"},"content":{"rendered":"\n<h3 class=\"wp-block-heading\">Composizione<\/h3>\n\n\n\n<p>Burro di cacao, Mieli di nettare e di melata, Cera d\u2019api, L-Mineral (composto da: Succo di limone, Nahcolite minerale naturale, Gomma arabica).<\/p>\n\n\n\n<h3 class=\"wp-block-heading\">Posologia<\/h3>\n\n\n\n<p>Adulti e ragazzi da 12 anni di et\u00e0: 1 supposta al bisogno. In caso di stipsi ostinata \u00e8 possibile utilizzare 2 supposte consecutivamente.<\/p>\n\n\n\n<h3 class=\"wp-block-heading\">Modo d\u2019uso<\/h3>\n\n\n\n<p>Prelevare la supposta tirando le due parti superiori dell\u2019involucro\u00a0che la contiene lungo il pre-taglio. Inserire la supposta per via\u00a0rettale, se necessario, scaldare leggermente la punta con le dita\u00a0per facilitarne l\u2019introduzione. Lavare le mani prima e dopo\u00a0l\u2019utilizzo del prodotto.<\/p>\n\n\n<div class=\"wp-block-image\">\n<figure class=\"aligncenter size-full is-resized\"><img loading=\"lazy\" decoding=\"async\" src=\"https:\/\/www.melilax.it\/supposte\/wp-content\/uploads\/sites\/148\/2021\/07\/Modo-d-uso-768x390-1.jpg\" alt=\"\" class=\"wp-image-4301\" width=\"456\" height=\"231\" srcset=\"https:\/\/www.melilax.it\/supposte\/wp-content\/uploads\/sites\/148\/2021\/07\/Modo-d-uso-768x390-1.jpg 768w, https:\/\/www.melilax.it\/supposte\/wp-content\/uploads\/sites\/148\/2021\/07\/Modo-d-uso-768x390-1-300x152.jpg 300w\" sizes=\"auto, (max-width: 456px) 100vw, 456px\" \/><\/figure>\n<\/div>\n\n\n<p>La presenza di una leggera patina bianca e\/o piccole imperfezioni sulla superficie della supposta sono attribuibili alla composizione del prodotto e non ne pregiudicano la qualit\u00e0.<\/p>\n\n\n\n<h3 class=\"wp-block-heading\">Avvertenze<\/h3>\n\n\n\n<p>Non utilizzare se presente ipersensibilit\u00e0 o allergia individuale verso uno o pi\u00f9 componenti. In caso di stipsi persistente, \u00e8 importante consultare il medico per escludere altre patologie.<\/p>\n\n\n\n<p><strong>Conservare a temperature non superiori ai 25\u00b0C. Per questo nei mesi pi\u00f9 caldi si consiglia di conservare il prodotto in frigorifero avendo cura di tenerlo a temperatura ambiente qualche minuto prima dell\u2019uso. Il prodotto infatti \u00e8 stato studiato per fondersi a contatto con il fisiologico calore corporeo, per questo \u00e8 sensibile alla temperatura.<\/strong><\/p>\n\n\n\n<p>Tenere lontano da fonti di calore e al riparo dalla luce. Tenere fuori dalla portata dei bambini. La data di scadenza si riferisce al prodotto integro e correttamente conservato. Vedere la scadenza riportata sulla confezione. Non utilizzare dopo la data di scadenza indicata.<\/p>\n","protected":false},"excerpt":{"rendered":"<p>Composizione Burro di cacao, Mieli di nettare e di melata, Cera d\u2019api, L-Mineral (composto da: Succo di limone, Nahcolite minerale naturale, Gomma arabica). Posologia Adulti e ragazzi da 12 anni di et\u00e0: 1 supposta al bisogno. In caso di stipsi ostinata \u00e8 possibile utilizzare 2 supposte consecutivamente. Modo d\u2019uso Prelevare la supposta tirando le due&#8230;  <a href=\"https:\/\/www.melilax.it\/supposte\/le-supposte\/scheda-prodotto\/\" class=\"more-link\" title=\"Read Scheda prodotto\">Leggi tutto &raquo;<\/a><\/p>\n","protected":false},"author":2,"featured_media":0,"parent":3911,"menu_order":0,"comment_status":"closed","ping_status":"closed","template":"","meta":{"footnotes":""},"class_list":["post-4196","page","type-page","status-publish","hentry"],"yoast_head":"<!-- This site is optimized with the Yoast SEO plugin v27.4 - https:\/\/yoast.com\/product\/yoast-seo-wordpress\/ -->\n<title>Melilax: modo d&#039;uso, scheda prodotto e avvertenze | ABOCA<\/title>\n<meta name=\"description\" content=\"Melilax \u00e8 un prodotto Aboca per il trattamento della stipsi, disponibile in pratico microclisma monouso. Scopri il modo d&#039;uso, le avvertenze e la composizione.\" \/>\n<meta name=\"robots\" content=\"index, follow, max-snippet:-1, max-image-preview:large, max-video-preview:-1\" \/>\n<link rel=\"canonical\" href=\"https:\/\/www.melilax.it\/supposte\/le-supposte\/scheda-prodotto\/\" \/>\n<meta property=\"og:locale\" content=\"it_IT\" \/>\n<meta property=\"og:type\" content=\"article\" \/>\n<meta property=\"og:title\" content=\"Melilax: modo d&#039;uso, scheda prodotto e avvertenze | ABOCA\" \/>\n<meta property=\"og:description\" content=\"Melilax \u00e8 un prodotto Aboca per il trattamento della stipsi, disponibile in pratico microclisma monouso. Scopri il modo d&#039;uso, le avvertenze e la composizione.\" \/>\n<meta property=\"og:url\" content=\"https:\/\/www.melilax.it\/supposte\/le-supposte\/scheda-prodotto\/\" \/>\n<meta property=\"og:site_name\" content=\"Melilax Supposte\" \/>\n<meta property=\"article:modified_time\" content=\"2025-02-14T09:51:41+00:00\" \/>\n<meta property=\"og:image\" content=\"https:\/\/www.melilax.it\/supposte\/wp-content\/uploads\/sites\/148\/2021\/07\/Modo-d-uso-768x390-1.jpg\" \/>\n<meta name=\"twitter:card\" content=\"summary_large_image\" \/>\n<meta name=\"twitter:label1\" content=\"Tempo di lettura stimato\" \/>\n\t<meta name=\"twitter:data1\" content=\"2 minuti\" \/>\n<script type=\"application\/ld+json\" class=\"yoast-schema-graph\">{\"@context\":\"https:\\\/\\\/schema.org\",\"@graph\":[{\"@type\":\"WebPage\",\"@id\":\"https:\\\/\\\/www.melilax.it\\\/supposte\\\/le-supposte\\\/scheda-prodotto\\\/\",\"url\":\"https:\\\/\\\/www.melilax.it\\\/supposte\\\/le-supposte\\\/scheda-prodotto\\\/\",\"name\":\"Melilax: modo d'uso, scheda prodotto e avvertenze | ABOCA\",\"isPartOf\":{\"@id\":\"https:\\\/\\\/www.melilax.it\\\/supposte\\\/#website\"},\"primaryImageOfPage\":{\"@id\":\"https:\\\/\\\/www.melilax.it\\\/supposte\\\/le-supposte\\\/scheda-prodotto\\\/#primaryimage\"},\"image\":{\"@id\":\"https:\\\/\\\/www.melilax.it\\\/supposte\\\/le-supposte\\\/scheda-prodotto\\\/#primaryimage\"},\"thumbnailUrl\":\"https:\\\/\\\/www.melilax.it\\\/supposte\\\/wp-content\\\/uploads\\\/sites\\\/148\\\/2021\\\/07\\\/Modo-d-uso-768x390-1.jpg\",\"datePublished\":\"2021-07-13T07:57:53+00:00\",\"dateModified\":\"2025-02-14T09:51:41+00:00\",\"description\":\"Melilax \u00e8 un prodotto Aboca per il trattamento della stipsi, disponibile in pratico microclisma monouso. Scopri il modo d'uso, le avvertenze e la composizione.\",\"breadcrumb\":{\"@id\":\"https:\\\/\\\/www.melilax.it\\\/supposte\\\/le-supposte\\\/scheda-prodotto\\\/#breadcrumb\"},\"inLanguage\":\"it-IT\",\"potentialAction\":[{\"@type\":\"ReadAction\",\"target\":[\"https:\\\/\\\/www.melilax.it\\\/supposte\\\/le-supposte\\\/scheda-prodotto\\\/\"]}]},{\"@type\":\"ImageObject\",\"inLanguage\":\"it-IT\",\"@id\":\"https:\\\/\\\/www.melilax.it\\\/supposte\\\/le-supposte\\\/scheda-prodotto\\\/#primaryimage\",\"url\":\"https:\\\/\\\/www.melilax.it\\\/supposte\\\/wp-content\\\/uploads\\\/sites\\\/148\\\/2021\\\/07\\\/Modo-d-uso-768x390-1.jpg\",\"contentUrl\":\"https:\\\/\\\/www.melilax.it\\\/supposte\\\/wp-content\\\/uploads\\\/sites\\\/148\\\/2021\\\/07\\\/Modo-d-uso-768x390-1.jpg\",\"width\":768,\"height\":390},{\"@type\":\"BreadcrumbList\",\"@id\":\"https:\\\/\\\/www.melilax.it\\\/supposte\\\/le-supposte\\\/scheda-prodotto\\\/#breadcrumb\",\"itemListElement\":[{\"@type\":\"ListItem\",\"position\":1,\"name\":\"Home\",\"item\":\"https:\\\/\\\/www.melilax.it\\\/supposte\\\/\"},{\"@type\":\"ListItem\",\"position\":2,\"name\":\"MeliLax Supposte\",\"item\":\"https:\\\/\\\/www.melilax.it\\\/supposte\\\/le-supposte\\\/\"},{\"@type\":\"ListItem\",\"position\":3,\"name\":\"Scheda prodotto\"}]},{\"@type\":\"WebSite\",\"@id\":\"https:\\\/\\\/www.melilax.it\\\/supposte\\\/#website\",\"url\":\"https:\\\/\\\/www.melilax.it\\\/supposte\\\/\",\"name\":\"Melilax Supposte\",\"description\":\"Libera l&#039;intestino proteggendo la mucosa rettale\",\"potentialAction\":[{\"@type\":\"SearchAction\",\"target\":{\"@type\":\"EntryPoint\",\"urlTemplate\":\"https:\\\/\\\/www.melilax.it\\\/supposte\\\/?s={search_term_string}\"},\"query-input\":{\"@type\":\"PropertyValueSpecification\",\"valueRequired\":true,\"valueName\":\"search_term_string\"}}],\"inLanguage\":\"it-IT\"}]}<\/script>\n<!-- \/ Yoast SEO plugin. -->","yoast_head_json":{"title":"Melilax: modo d'uso, scheda prodotto e avvertenze | ABOCA","description":"Melilax \u00e8 un prodotto Aboca per il trattamento della stipsi, disponibile in pratico microclisma monouso. Scopri il modo d'uso, le avvertenze e la composizione.","robots":{"index":"index","follow":"follow","max-snippet":"max-snippet:-1","max-image-preview":"max-image-preview:large","max-video-preview":"max-video-preview:-1"},"canonical":"https:\/\/www.melilax.it\/supposte\/le-supposte\/scheda-prodotto\/","og_locale":"it_IT","og_type":"article","og_title":"Melilax: modo d'uso, scheda prodotto e avvertenze | ABOCA","og_description":"Melilax \u00e8 un prodotto Aboca per il trattamento della stipsi, disponibile in pratico microclisma monouso. Scopri il modo d'uso, le avvertenze e la composizione.","og_url":"https:\/\/www.melilax.it\/supposte\/le-supposte\/scheda-prodotto\/","og_site_name":"Melilax Supposte","article_modified_time":"2025-02-14T09:51:41+00:00","og_image":[{"url":"https:\/\/www.melilax.it\/supposte\/wp-content\/uploads\/sites\/148\/2021\/07\/Modo-d-uso-768x390-1.jpg","type":"","width":"","height":""}],"twitter_card":"summary_large_image","twitter_misc":{"Tempo di lettura stimato":"2 minuti"},"schema":{"@context":"https:\/\/schema.org","@graph":[{"@type":"WebPage","@id":"https:\/\/www.melilax.it\/supposte\/le-supposte\/scheda-prodotto\/","url":"https:\/\/www.melilax.it\/supposte\/le-supposte\/scheda-prodotto\/","name":"Melilax: modo d'uso, scheda prodotto e avvertenze | ABOCA","isPartOf":{"@id":"https:\/\/www.melilax.it\/supposte\/#website"},"primaryImageOfPage":{"@id":"https:\/\/www.melilax.it\/supposte\/le-supposte\/scheda-prodotto\/#primaryimage"},"image":{"@id":"https:\/\/www.melilax.it\/supposte\/le-supposte\/scheda-prodotto\/#primaryimage"},"thumbnailUrl":"https:\/\/www.melilax.it\/supposte\/wp-content\/uploads\/sites\/148\/2021\/07\/Modo-d-uso-768x390-1.jpg","datePublished":"2021-07-13T07:57:53+00:00","dateModified":"2025-02-14T09:51:41+00:00","description":"Melilax \u00e8 un prodotto Aboca per il trattamento della stipsi, disponibile in pratico microclisma monouso. Scopri il modo d'uso, le avvertenze e la composizione.","breadcrumb":{"@id":"https:\/\/www.melilax.it\/supposte\/le-supposte\/scheda-prodotto\/#breadcrumb"},"inLanguage":"it-IT","potentialAction":[{"@type":"ReadAction","target":["https:\/\/www.melilax.it\/supposte\/le-supposte\/scheda-prodotto\/"]}]},{"@type":"ImageObject","inLanguage":"it-IT","@id":"https:\/\/www.melilax.it\/supposte\/le-supposte\/scheda-prodotto\/#primaryimage","url":"https:\/\/www.melilax.it\/supposte\/wp-content\/uploads\/sites\/148\/2021\/07\/Modo-d-uso-768x390-1.jpg","contentUrl":"https:\/\/www.melilax.it\/supposte\/wp-content\/uploads\/sites\/148\/2021\/07\/Modo-d-uso-768x390-1.jpg","width":768,"height":390},{"@type":"BreadcrumbList","@id":"https:\/\/www.melilax.it\/supposte\/le-supposte\/scheda-prodotto\/#breadcrumb","itemListElement":[{"@type":"ListItem","position":1,"name":"Home","item":"https:\/\/www.melilax.it\/supposte\/"},{"@type":"ListItem","position":2,"name":"MeliLax Supposte","item":"https:\/\/www.melilax.it\/supposte\/le-supposte\/"},{"@type":"ListItem","position":3,"name":"Scheda prodotto"}]},{"@type":"WebSite","@id":"https:\/\/www.melilax.it\/supposte\/#website","url":"https:\/\/www.melilax.it\/supposte\/","name":"Melilax Supposte","description":"Libera l&#039;intestino proteggendo la mucosa rettale","potentialAction":[{"@type":"SearchAction","target":{"@type":"EntryPoint","urlTemplate":"https:\/\/www.melilax.it\/supposte\/?s={search_term_string}"},"query-input":{"@type":"PropertyValueSpecification","valueRequired":true,"valueName":"search_term_string"}}],"inLanguage":"it-IT"}]}},"_links":{"self":[{"href":"https:\/\/www.melilax.it\/supposte\/wp-json\/wp\/v2\/pages\/4196","targetHints":{"allow":["GET"]}}],"collection":[{"href":"https:\/\/www.melilax.it\/supposte\/wp-json\/wp\/v2\/pages"}],"about":[{"href":"https:\/\/www.melilax.it\/supposte\/wp-json\/wp\/v2\/types\/page"}],"author":[{"embeddable":true,"href":"https:\/\/www.melilax.it\/supposte\/wp-json\/wp\/v2\/users\/2"}],"replies":[{"embeddable":true,"href":"https:\/\/www.melilax.it\/supposte\/wp-json\/wp\/v2\/comments?post=4196"}],"version-history":[{"count":5,"href":"https:\/\/www.melilax.it\/supposte\/wp-json\/wp\/v2\/pages\/4196\/revisions"}],"predecessor-version":[{"id":4436,"href":"https:\/\/www.melilax.it\/supposte\/wp-json\/wp\/v2\/pages\/4196\/revisions\/4436"}],"up":[{"embeddable":true,"href":"https:\/\/www.melilax.it\/supposte\/wp-json\/wp\/v2\/pages\/3911"}],"wp:attachment":[{"href":"https:\/\/www.melilax.it\/supposte\/wp-json\/wp\/v2\/media?parent=4196"}],"curies":[{"name":"wp","href":"https:\/\/api.w.org\/{rel}","templated":true}]}}